{"id":1507,"date":"2020-04-13T15:44:59","date_gmt":"2020-04-13T13:44:59","guid":{"rendered":"https:\/\/www.malir-praha.com\/?page_id=1507"},"modified":"2020-04-18T21:14:44","modified_gmt":"2020-04-18T19:14:44","slug":"slevy","status":"publish","type":"page","link":"https:\/\/www.malir-praha.com\/en\/slevy\/","title":{"rendered":"Discounts"},"content":{"rendered":"\n<h2>Vyu\u017eijte na\u0161e slevy -5%<\/h2>\n\n\n\n<ul><li> Ve\u0161ker\u00e9 zak\u00e1zky nad 50 000,-K\u010d<\/li><\/ul>\n\n\n\n<h2>Vyu\u017eijte na\u0161e slevy -10%<\/h2>\n\n\n\n<ul><li> Ve\u0161ker\u00e9 zak\u00e1zky nad 100 000,- K\u010d.<\/li><li> Ka\u017ed\u00fd rok od 1.12. do 1.4. sleva na ve\u0161ker\u00e9 zak\u00e1zky pro:<ul><li>st\u00e1tn\u00ed instituce jako jsou \u00fa\u0159ady, \u0161koly, nemocni\u010dn\u00ed za\u0159\u00edzen\u00ed,<\/li><li>spole\u010denstv\u00ed vlastn\u00edk\u016f, bytov\u00fdch dru\u017estev a majitel\u016f dom\u016f.<\/li><\/ul><\/li><\/ul>\n\n\n\n<p><\/p>\n\n\n\n<p><\/p>\n","protected":false},"excerpt":{"rendered":"<p>Vyu\u017eijte na\u0161e slevy -5% Ve\u0161ker\u00e9 zak\u00e1zky nad 50 000,-K\u010d Vyu\u017eijte na\u0161e slevy -10% Ve\u0161ker\u00e9 zak\u00e1zky nad 100 000,- K\u010d. Ka\u017ed\u00fd rok od 1.12. do 1.4. sleva na ve\u0161ker\u00e9 zak\u00e1zky pro: st\u00e1tn\u00ed instituce jako jsou \u00fa\u0159ady, \u0161koly, nemocni\u010dn\u00ed za\u0159\u00edzen\u00ed, spole\u010denstv\u00ed vlastn\u00edk\u016f, bytov\u00fdch dru\u017estev a majitel\u016f dom\u016f.<\/p>\n","protected":false},"author":1,"featured_media":0,"parent":0,"menu_order":4,"comment_status":"closed","ping_status":"closed","template":"","meta":[],"_links":{"self":[{"href":"https:\/\/www.malir-praha.com\/en\/wp-json\/wp\/v2\/pages\/1507"}],"collection":[{"href":"https:\/\/www.malir-praha.com\/en\/wp-json\/wp\/v2\/pages"}],"about":[{"href":"https:\/\/www.malir-praha.com\/en\/wp-json\/wp\/v2\/types\/page"}],"author":[{"embeddable":true,"href":"https:\/\/www.malir-praha.com\/en\/wp-json\/wp\/v2\/users\/1"}],"replies":[{"embeddable":true,"href":"https:\/\/www.malir-praha.com\/en\/wp-json\/wp\/v2\/comments?post=1507"}],"version-history":[{"count":6,"href":"https:\/\/www.malir-praha.com\/en\/wp-json\/wp\/v2\/pages\/1507\/revisions"}],"predecessor-version":[{"id":1622,"href":"https:\/\/www.malir-praha.com\/en\/wp-json\/wp\/v2\/pages\/1507\/revisions\/1622"}],"wp:attachment":[{"href":"https:\/\/www.malir-praha.com\/en\/wp-json\/wp\/v2\/media?parent=1507"}],"curies":[{"name":"wp","href":"https:\/\/api.w.org\/{rel}","templated":true}]}}