{"id":1505,"date":"2020-04-13T15:40:05","date_gmt":"2020-04-13T13:40:05","guid":{"rendered":"https:\/\/www.malir-praha.com\/?page_id=1505"},"modified":"2023-07-14T08:51:43","modified_gmt":"2023-07-14T06:51:43","slug":"cenik","status":"publish","type":"page","link":"https:\/\/www.malir-praha.com\/en\/cenik\/","title":{"rendered":"Price List"},"content":{"rendered":"\n<p><strong>Cena je kone\u010dn\u00e1, nejsme pl\u00e1tci DPH.<br>Uveden\u00fd cen\u00edk slou\u017e\u00ed pouze pro orientaci.<br>Zpracov\u00e1n\u00ed rozpo\u010dtu a konzultace zdarma.<br>Ceny jsou uvedeny v\u010detn\u011b materi\u00e1lu.<\/strong><\/p>\n\n\n\n<h2>Mal\u00ed\u0159sk\u00e9 pr\u00e1ce<\/h2>\n\n\n\n<figure class=\"wp-block-table\"><table><tbody><tr><td> 2x n\u00e1t\u011br Primalex Plus (b\u011blost 87 %)<\/td><td class=\"has-text-align-right\" data-align=\"right\"><strong>32,-K\u010d\/m2<\/strong><\/td><\/tr><tr><td>2x n\u00e1t\u011br Remal Ekonomik (b\u011blost 94 %) -nejpou\u017e\u00edvan\u011bj\u0161\u00ed<\/td><td class=\"has-text-align-right\" data-align=\"right\"><strong>35,-K\u010d\/m2<\/strong><\/td><\/tr><tr><td>2x n\u00e1t\u011br Primalex Polar (b\u011blost 92 %)<\/td><td class=\"has-text-align-right\" data-align=\"right\"><strong>36,-K\u010d\/m2<\/strong><\/td><\/tr><tr><td>2x n\u00e1t\u011br &#8211; akryl\u00e1t na zak\u00e1zku m\u00edchan\u00e9 odst\u00edny<\/td><td class=\"has-text-align-right\" data-align=\"right\"><strong>od 60,-K\u010d\/m2<\/strong><\/td><\/tr><tr><td>2x n\u00e1t\u011br fas\u00e1dn\u00ed<\/td><td class=\"has-text-align-right\" data-align=\"right\"><strong>od 80,-K\u010d\/m2<\/strong><\/td><\/tr><tr><td>\u0160kr\u00e1b\u00e1n\u00ed<\/td><td class=\"has-text-align-right\" data-align=\"right\"><strong>32,-K\u010d\/m2<\/strong><\/td><\/tr><tr><td>Myt\u00ed st\u011bn m\u00fddlem<\/td><td class=\"has-text-align-right\" data-align=\"right\"><strong>15,-K\u010d\/m2<\/strong><\/td><\/tr><tr><td>Izolace<\/td><td class=\"has-text-align-right\" data-align=\"right\"><strong>120,-K\u010d\/m2<\/strong><\/td><\/tr><tr><td>Savo<\/td><td class=\"has-text-align-right\" data-align=\"right\"><strong>22,-K\u010d\/m2<\/strong><\/td><\/tr><tr><td>Brou\u0161en\u00ed nov\u00e9ho \u0161tuku<\/td><td class=\"has-text-align-right\" data-align=\"right\"><strong>20,-K\u010d\/m2<\/strong><\/td><\/tr><tr><td>Penetrace akryl\u00e1tov\u00e1<\/td><td class=\"has-text-align-right\" data-align=\"right\"><strong>17,-K\u010d\/m2<\/strong><\/td><\/tr><tr><td>Dvoubarevn\u00e9 proveden\u00ed-p\u0159\u00edplatek<\/td><td class=\"has-text-align-right\" data-align=\"right\"><strong>od 7,-K\u010d\/m2<\/strong><\/td><\/tr><tr><td>Schodi\u0161t\u011b , m\u00edstnosti s v\u00fd\u0161kou nad 3,6 m a t\u011b\u017eko p\u0159\u00edstupn\u00e1 m\u00edsta-p\u0159\u00edplatek<\/td><td class=\"has-text-align-right\" data-align=\"right\"><strong>10,-K\u010d\/m2<\/strong><\/td><\/tr><tr><td>Zakr\u00fdv\u00e1n\u00ed podlahy<\/td><td class=\"has-text-align-right\" data-align=\"right\"><strong>150,-K\u010d\/m\u00edstnost<\/strong><\/td><\/tr><tr><td>P\u0159\u00edpravn\u00e9 pr\u00e1ce (s\u00e1drov\u00e1n\u00ed, st\u011bhov\u00e1n\u00ed, atd.)<\/td><td class=\"has-text-align-right\" data-align=\"right\"><strong>350,-K\u010d\/hod<\/strong><\/td><\/tr><\/tbody><\/table><\/figure>\n\n\n\n<h2>Lak\u00fdrnick\u00e9 pr\u00e1ce<\/h2>\n\n\n\n<p><strong>Emailov\u00fd sokl (linkrusta)<\/strong><\/p>\n\n\n\n<figure class=\"wp-block-table\"><table><tbody><tr><td>1x z\u00e1klad 1x email<\/td><td class=\"has-text-align-right\" data-align=\"right\"><strong>89,-K\u010d\/m2<\/strong><\/td><\/tr><tr><td>Napou\u0161t\u011bn\u00ed, vzorek, 1x z\u00e1klad, 1x email<\/td><td class=\"has-text-align-right\" data-align=\"right\"><strong>289,-K\u010d\/m2<\/strong><\/td><\/tr><\/tbody><\/table><\/figure>\n\n\n\n<p><strong> Radi\u00e1tory \u0161t\u011btcem<\/strong><\/p>\n\n\n\n<figure class=\"wp-block-table\"><table><tbody><tr><td>\u010dl\u00e1nek v\u00fd\u0161ka 60cm<\/td><td class=\"has-text-align-right\" data-align=\"right\"><strong>30,-K\u010d\/ks<\/strong><\/td><\/tr><tr><td>\u010dl\u00e1nek v\u00fd\u0161ka 1m<\/td><td class=\"has-text-align-right\" data-align=\"right\"><strong>35,-K\u010d\/ks<\/strong><\/td><\/tr><\/tbody><\/table><\/figure>\n\n\n\n<p><strong> Trubky<\/strong><\/p>\n\n\n\n<figure class=\"wp-block-table\"><table><tbody><tr><td>1x n\u00e1t\u011br do 5cm<\/td><td class=\"has-text-align-right\" data-align=\"right\"><strong>15-K\u010d\/bm<\/strong><\/td><\/tr><tr><td>2x n\u00e1t\u011br do 5cm<\/td><td class=\"has-text-align-right\" data-align=\"right\"><strong>25,-K\u010d\/bm<\/strong><\/td><\/tr><tr><td>1x n\u00e1t\u011br do 10 cm<\/td><td class=\"has-text-align-right\" data-align=\"right\"><strong>23,-K\u010d\/bm<\/strong><\/td><\/tr><tr><td>2x n\u00e1t\u011br do 10 cm<\/td><td class=\"has-text-align-right\" data-align=\"right\"><strong>35,-K\u010d\/bm<\/strong><\/td><\/tr><tr><td>Z\u00e1bradl\u00ed a pletiva<\/td><td class=\"has-text-align-right\" data-align=\"right\"><strong>180,-K\u010d\/m2<\/strong><\/td><\/tr><\/tbody><\/table><\/figure>\n\n\n\n<h2>V\u00fdroba a mont\u00e1\u017e d\u0159ev\u011bn\u00fdch madel<\/h2>\n\n\n\n<figure class=\"wp-block-table\"><table><tbody><tr><td>Nab\u00edz\u00edme nov\u00e1 d\u0159ev\u011bn\u00e1 madla\t<\/td><td class=\"has-text-align-right\" data-align=\"right\"><strong>460,-K\u010d\/bm<\/strong><\/td><\/tr><\/tbody><\/table><\/figure>\n\n\n\n<p class=\"has-text-align-center\"><em>V cen\u011b je zahrnuta demont\u00e1\u017e a odstran\u011bn\u00ed star\u00fdch pertinaxov\u00fdch madel.  Mont\u00e1\u017e nov\u00fdch d\u0159ev\u011bn\u00fdch madel mo\u0159en\u00ed a lakov\u00e1n\u00ed speci\u00e1ln\u00edm dvouslo\u017ekov\u00fdm epoxidov\u00fdm lakem.  Madla jsou p\u0159imontov\u00e1na lepen\u00edm a \u0161roubov\u00e1n\u00edm najednou.<\/em><br> <\/p>\n\n\n\n<h2>Pokl\u00e1dka podlah<\/h2>\n\n\n\n<figure class=\"wp-block-table\"><table><tbody><tr><td>Pokl\u00e1dka plovouc\u00ed podlahy<\/td><td class=\"has-text-align-right\" data-align=\"right\"><strong>140,-K\u010d\/m2<\/strong><\/td><\/tr><tr><td>Oli\u0161tov\u00e1n\u00ed plovouc\u00ed podlahy<\/td><td class=\"has-text-align-right\" data-align=\"right\"><strong>30,-K\u010d\/bm<\/strong><\/td><\/tr><tr><td>Pokl\u00e1dka koberce lepen\u00edm<\/td><td class=\"has-text-align-right\" data-align=\"right\"><strong>120-K\u010d\/m2<\/strong><\/td><\/tr><tr><td>Pokl\u00e1dka koberce bez lepen\u00ed<\/td><td class=\"has-text-align-right\" data-align=\"right\"><strong>95,-K\u010d\/m2<\/strong><\/td><\/tr><tr><td>Oli\u0161tov\u00e1n\u00ed koberce<\/td><td class=\"has-text-align-right\" data-align=\"right\"><strong>30,-K\u010d\/m2<\/strong><\/td><\/tr><tr><td>St\u011brkov\u00e1n\u00ed podlahy pod podlahov\u00e9 kritiny<\/td><td class=\"has-text-align-right\" data-align=\"right\"><strong>Od 30,-K\u010d\/m2<\/strong><\/td><\/tr><tr><td>St\u011bhov\u00e1n\u00ed<\/td><td class=\"has-text-align-right\" data-align=\"right\"><strong>300,-K\u010d\/h<\/strong><\/td><\/tr><tr><td>Jin\u00e9 pr\u00e1ce<\/td><td class=\"has-text-align-right\" data-align=\"right\"><strong>dohodou<\/strong><\/td><\/tr><\/tbody><\/table><\/figure>\n\n\n\n<p class=\"has-text-align-center\"><em>Ceny podlah\u00e1\u0159sk\u00fdch prac\u00ed jsou uvedeny jen za pr\u00e1ci.<\/em><br> <\/p>\n","protected":false},"excerpt":{"rendered":"<p>Cena je kone\u010dn\u00e1, nejsme pl\u00e1tci DPH.Uveden\u00fd cen\u00edk slou\u017e\u00ed pouze pro orientaci.Zpracov\u00e1n\u00ed rozpo\u010dtu a konzultace zdarma.Ceny jsou uvedeny v\u010detn\u011b materi\u00e1lu. Mal\u00ed\u0159sk\u00e9 pr\u00e1ce 2x n\u00e1t\u011br Primalex Plus (b\u011blost 87 %) 32,-K\u010d\/m2 2x n\u00e1t\u011br Remal Ekonomik (b\u011blost 94 %) -nejpou\u017e\u00edvan\u011bj\u0161\u00ed 35,-K\u010d\/m2 2x n\u00e1t\u011br Primalex Polar (b\u011blost 92 %) 36,-K\u010d\/m2 2x n\u00e1t\u011br &#8211; akryl\u00e1t na zak\u00e1zku m\u00edchan\u00e9 odst\u00edny od &hellip; <a href=\"https:\/\/www.malir-praha.com\/en\/cenik\/\" class=\"more-link\">Continue reading <span class=\"screen-reader-text\">Price List<\/span> <span class=\"meta-nav\">&rarr;<\/span><\/a><\/p>\n","protected":false},"author":1,"featured_media":0,"parent":0,"menu_order":3,"comment_status":"closed","ping_status":"closed","template":"","meta":[],"_links":{"self":[{"href":"https:\/\/www.malir-praha.com\/en\/wp-json\/wp\/v2\/pages\/1505"}],"collection":[{"href":"https:\/\/www.malir-praha.com\/en\/wp-json\/wp\/v2\/pages"}],"about":[{"href":"https:\/\/www.malir-praha.com\/en\/wp-json\/wp\/v2\/types\/page"}],"author":[{"embeddable":true,"href":"https:\/\/www.malir-praha.com\/en\/wp-json\/wp\/v2\/users\/1"}],"replies":[{"embeddable":true,"href":"https:\/\/www.malir-praha.com\/en\/wp-json\/wp\/v2\/comments?post=1505"}],"version-history":[{"count":22,"href":"https:\/\/www.malir-praha.com\/en\/wp-json\/wp\/v2\/pages\/1505\/revisions"}],"predecessor-version":[{"id":1630,"href":"https:\/\/www.malir-praha.com\/en\/wp-json\/wp\/v2\/pages\/1505\/revisions\/1630"}],"wp:attachment":[{"href":"https:\/\/www.malir-praha.com\/en\/wp-json\/wp\/v2\/media?parent=1505"}],"curies":[{"name":"wp","href":"https:\/\/api.w.org\/{rel}","templated":true}]}}